{"id":74,"date":"2021-03-15T12:02:32","date_gmt":"2021-03-15T12:02:32","guid":{"rendered":"https:\/\/kultrast.de\/?page_id=74"},"modified":"2021-03-15T13:47:49","modified_gmt":"2021-03-15T13:47:49","slug":"ueber-uns","status":"publish","type":"page","link":"https:\/\/kultrast.de\/?page_id=74","title":{"rendered":"Ueber uns"},"content":{"rendered":"\n<p>DER KULTRAST <br><img loading=\"lazy\" decoding=\"async\" width=\"198\" height=\"191\" class=\"wp-image-7\" style=\"width: 150px;\" src=\"https:\/\/kultrast.de\/wp-content\/uploads\/2020\/10\/Kultrast-Logo.jpg\" alt=\"\"><br>ist ein Verein von Machern.<br>Gegr\u00fcndet im November 93, von zehn Leuten, weiblich und m\u00e4nnlich, mit einem Ziel,<br>die Vokabel Kultur m\u00f6glichst selten in den Mund nehmen, und statt dessen, alles was damit zu tun hat, m\u00f6glichst oft auf die Beine zu stellen.<br>Tr\u00e4ume verwirklichen, Highlights setzen, Konsequenzen gemeinsam tragen, Grenzen erkennen und \u00fcberschreiten,<br>Auftritte, Gigs, Ausstellungen, Events bezahlbar gestalten, und all das mit Spa\u00df, Lust und Laune \u2026 und gutem Gewissen.<br><br>Deine Mitgliedschaft ist m\u00f6glich. Und sogar erw\u00fcnscht!<br>Wir glauben noch an Wunder, an learning by doing und an Dich.<\/p>\n\n\n\n<p><strong>1.Vorsitzender:<\/strong>     Franz Osterkorn<br><strong>2.Vorsitzende:<\/strong>      Linde Deuringer<br><strong>Kassiererin: <\/strong>         Evelin Kraus-Bitzenhofer<br><strong>Schriftf\u00fchrerin:<\/strong>   Susi Gaus<\/p>\n\n\n\n<p><strong>Beirat<\/strong>:<br>Rolf Baumann<br>Martin Huchel<br>Christoph Schattmaier<br>Norma Sperlich-Osterkorn<\/p>\n\n\n\n<p><\/p>\n","protected":false},"excerpt":{"rendered":"<p>DER KULTRAST ist ein Verein von Machern.Gegr\u00fcndet im November 93, von zehn Leuten, weiblich und m\u00e4nnlich, mit einem Ziel,die Vokabel Kultur m\u00f6glichst selten in den Mund nehmen, und statt dessen, [&hellip;]<\/p>\n","protected":false},"author":1,"featured_media":0,"parent":0,"menu_order":0,"comment_status":"closed","ping_status":"closed","template":"","meta":{"footnotes":""},"_links":{"self":[{"href":"https:\/\/kultrast.de\/index.php?rest_route=\/wp\/v2\/pages\/74"}],"collection":[{"href":"https:\/\/kultrast.de\/index.php?rest_route=\/wp\/v2\/pages"}],"about":[{"href":"https:\/\/kultrast.de\/index.php?rest_route=\/wp\/v2\/types\/page"}],"author":[{"embeddable":true,"href":"https:\/\/kultrast.de\/index.php?rest_route=\/wp\/v2\/users\/1"}],"replies":[{"embeddable":true,"href":"https:\/\/kultrast.de\/index.php?rest_route=%2Fwp%2Fv2%2Fcomments&post=74"}],"version-history":[{"count":3,"href":"https:\/\/kultrast.de\/index.php?rest_route=\/wp\/v2\/pages\/74\/revisions"}],"predecessor-version":[{"id":185,"href":"https:\/\/kultrast.de\/index.php?rest_route=\/wp\/v2\/pages\/74\/revisions\/185"}],"wp:attachment":[{"href":"https:\/\/kultrast.de\/index.php?rest_route=%2Fwp%2Fv2%2Fmedia&parent=74"}],"curies":[{"name":"wp","href":"https:\/\/api.w.org\/{rel}","templated":true}]}}