{"id":72,"date":"2021-03-15T12:02:32","date_gmt":"2021-03-15T12:02:32","guid":{"rendered":"https:\/\/kultrast.de\/?page_id=72"},"modified":"2023-10-20T12:35:23","modified_gmt":"2023-10-20T12:35:23","slug":"newsletter-und-medien","status":"publish","type":"page","link":"https:\/\/kultrast.de\/?page_id=72","title":{"rendered":"Newsletter und Medien"},"content":{"rendered":"\n<p><strong>Anmeldung zu unserem Newsletter<\/strong> <\/p>\n\n\n\n<iframe loading=\"lazy\" width=\"540\" height=\"805\" src=\"https:\/\/789cb89a.sibforms.com\/serve\/MUIFAIjeqRdMwmdAmcFyidJ6SxCECSo4pRE5eJYHqbNsaP8_SzbkbYNyfKBqg2IcLdAF6N_Dh2Mufx4qLbvI0gFBD0KRWW2qBX7J3F5FcrpM8LP14imr-uD7TSW35k8QWEK85MePkxXfdV3f73dnTkFqEnf5U-89Z6gM9cAKP2A_tEpBu_Kabw0P5WM8rPvBqW8hELlkR5zUcXOi\" frameborder=\"0\" scrolling=\"auto\" allowfullscreen style=\"display: block;margin-left: auto;margin-right: auto;max-width: 100%;\"><\/iframe>\n\n\n\n<hr class=\"wp-block-separator\"\/>\n\n\n\n<ul class=\"wp-block-social-links is-layout-flex wp-block-social-links-is-layout-flex\">\n\n<\/ul>\n\n\n\n<p>Facebook: <a rel=\"noreferrer noopener\" href=\"https:\/\/www.facebook.com\/Kultrast\" target=\"_blank\">Hier klicken<\/a><\/p>\n\n\n\n<hr class=\"wp-block-separator\"\/>\n\n\n\n<hr class=\"wp-block-separator\"\/>\n\n\n\n<p><strong>Zeitungsartikel:<\/strong><\/p>\n\n\n\n<div class=\"wp-block-file\"><a href=\"https:\/\/kultrast.de\/wp-content\/uploads\/2021\/03\/20170000-Westallgaeuer-Schuele.pdf\">Ingrid Grohe (2017); Wir erleben unterschiedliche Heimatverluste. Westallgaeuer Zeitung<\/a><a href=\"https:\/\/kultrast.de\/wp-content\/uploads\/2021\/03\/20170000-Westallgaeuer-Schuele.pdf\" class=\"wp-block-file__button\" download>Herunterladen<\/a><\/div>\n\n\n\n<div class=\"wp-block-file\"><a href=\"https:\/\/kultrast.de\/wp-content\/uploads\/2021\/03\/20080000-Schwaebische-Zeitung-Endo-Anacondas-Praesenz.pdf\">Babette Caesar (2008); Endo Anacondas Praesenz. SchwaebischeZeitung <\/a><a href=\"https:\/\/kultrast.de\/wp-content\/uploads\/2021\/03\/20080000-Schwaebische-Zeitung-Endo-Anacondas-Praesenz.pdf\" class=\"wp-block-file__button\" download>Herunterladen<\/a><\/div>\n\n\n\n<div class=\"wp-block-file\"><a href=\"https:\/\/kultrast.de\/wp-content\/uploads\/2021\/03\/20080000-Schwaebische-Zeitung-Deer-Kultrast-holt-Hagen-Rether.pdf\">Susanne M\u00fcller (2008); Der Kultrast holt Hagen Rether. Schwaebische-Zeitung<\/a><a href=\"https:\/\/kultrast.de\/wp-content\/uploads\/2021\/03\/20080000-Schwaebische-Zeitung-Deer-Kultrast-holt-Hagen-Rether.pdf\" class=\"wp-block-file__button\" download>Herunterladen<\/a><\/div>\n\n\n\n<div class=\"wp-block-file\"><a href=\"https:\/\/kultrast.de\/wp-content\/uploads\/2021\/03\/20070000-Schwaebische-Zeitung-Der-Kultrast-glaubt-noch-an-Wunder.pdf\">Babette Caesar (2007); Der-Kultrast-glaubt-noch-an-Wunder. Schwaebische-Zeitung<\/a><a href=\"https:\/\/kultrast.de\/wp-content\/uploads\/2021\/03\/20070000-Schwaebische-Zeitung-Der-Kultrast-glaubt-noch-an-Wunder.pdf\" class=\"wp-block-file__button\" download>Herunterladen<\/a><\/div>\n\n\n\n<div class=\"wp-block-file\"><a href=\"https:\/\/kultrast.de\/wp-content\/uploads\/2021\/03\/19950000-Schwaebische-Zeitung-Zehn-Leute-die-was-Machen-wollen.pdf\">Jai (1995); Zehn-Leute-die-was-Machen-wollen. Wochenblatt<\/a><a href=\"https:\/\/kultrast.de\/wp-content\/uploads\/2021\/03\/19950000-Schwaebische-Zeitung-Zehn-Leute-die-was-Machen-wollen.pdf\" class=\"wp-block-file__button\" download>Herunterladen<\/a><\/div>\n\n\n\n<div class=\"wp-block-file\"><a href=\"https:\/\/kultrast.de\/wp-content\/uploads\/2021\/03\/19940000-Wochenblatt-Der-Kultrast-bei-Lisa.pdf\">Jai (1994); Der-Kultrast-bei-Lisa. Wochenblatt<\/a><a href=\"https:\/\/kultrast.de\/wp-content\/uploads\/2021\/03\/19940000-Wochenblatt-Der-Kultrast-bei-Lisa.pdf\" class=\"wp-block-file__button\" download>Herunterladen<\/a><\/div>\n\n\n\n<div class=\"wp-block-file\"><a href=\"https:\/\/kultrast.de\/wp-content\/uploads\/2021\/03\/19930000-Schwaebische-Zeitung-Fuer-die-Kultur-Huerden-nehmen.pdf\">Red. (1993); F\u00fcr die Kultur H\u00fcrden nehmen. Schw\u00e4bische Zeitung<\/a><a href=\"https:\/\/kultrast.de\/wp-content\/uploads\/2021\/03\/19930000-Schwaebische-Zeitung-Fuer-die-Kultur-Huerden-nehmen.pdf\" class=\"wp-block-file__button\" download>Herunterladen<\/a><\/div>\n\n\n\n<hr class=\"wp-block-separator\"\/>\n\n\n\n<hr class=\"wp-block-separator\"\/>\n\n\n\n<p><strong>Flyer:<\/strong><\/p>\n\n\n\n<div class=\"wp-block-file\"><a href=\"https:\/\/kultrast.de\/wp-content\/uploads\/2021\/07\/Flyer_DINLang_2021.pdf\">Kultrast (2021) Kultur am Mittag<\/a><a href=\"https:\/\/kultrast.de\/wp-content\/uploads\/2021\/07\/Flyer_DINLang_2021.pdf\" class=\"wp-block-file__button\" download>Herunterladen<\/a><\/div>\n\n\n\n<div class=\"wp-block-file\"><a href=\"https:\/\/kultrast.de\/wp-content\/uploads\/2021\/03\/20120000-Flyer-Koepfl-Dorfer-Gunkl.pdf\">Kultrast (2012) Koepfl-Dorfer-Gunkl<\/a><a href=\"https:\/\/kultrast.de\/wp-content\/uploads\/2021\/03\/20120000-Flyer-Koepfl-Dorfer-Gunkl.pdf\" class=\"wp-block-file__button\" download>Herunterladen<\/a><\/div>\n\n\n\n<div class=\"wp-block-file\"><a href=\"https:\/\/kultrast.de\/wp-content\/uploads\/2021\/03\/20080000-Flyer-HagenRether.pdf\">Kultrast (2008) Hagen Rether<\/a><a href=\"https:\/\/kultrast.de\/wp-content\/uploads\/2021\/03\/20080000-Flyer-HagenRether.pdf\" class=\"wp-block-file__button\" download>Herunterladen<\/a><\/div>\n\n\n\n<div class=\"wp-block-file\"><a href=\"https:\/\/kultrast.de\/wp-content\/uploads\/2021\/03\/20070000-Flyer-Hader.pdf\">Kultrast (2007) Josef Hader<\/a><a href=\"https:\/\/kultrast.de\/wp-content\/uploads\/2021\/03\/20070000-Flyer-Hader.pdf\" class=\"wp-block-file__button\" download>Herunterladen<\/a><\/div>\n\n\n\n<div class=\"wp-block-file\"><a href=\"https:\/\/kultrast.de\/wp-content\/uploads\/2021\/03\/20000000-Flyer-Open-Space.pdf\">Kultrast (2000) Atelier eNSO Open Space<\/a><a href=\"https:\/\/kultrast.de\/wp-content\/uploads\/2021\/03\/20000000-Flyer-Open-Space.pdf\" class=\"wp-block-file__button\" download>Herunterladen<\/a><\/div>\n","protected":false},"excerpt":{"rendered":"<p>Anmeldung zu unserem Newsletter Facebook: Hier klicken Zeitungsartikel: Flyer:<\/p>\n","protected":false},"author":1,"featured_media":0,"parent":0,"menu_order":0,"comment_status":"closed","ping_status":"closed","template":"","meta":{"footnotes":""},"_links":{"self":[{"href":"https:\/\/kultrast.de\/index.php?rest_route=\/wp\/v2\/pages\/72"}],"collection":[{"href":"https:\/\/kultrast.de\/index.php?rest_route=\/wp\/v2\/pages"}],"about":[{"href":"https:\/\/kultrast.de\/index.php?rest_route=\/wp\/v2\/types\/page"}],"author":[{"embeddable":true,"href":"https:\/\/kultrast.de\/index.php?rest_route=\/wp\/v2\/users\/1"}],"replies":[{"embeddable":true,"href":"https:\/\/kultrast.de\/index.php?rest_route=%2Fwp%2Fv2%2Fcomments&post=72"}],"version-history":[{"count":14,"href":"https:\/\/kultrast.de\/index.php?rest_route=\/wp\/v2\/pages\/72\/revisions"}],"predecessor-version":[{"id":387,"href":"https:\/\/kultrast.de\/index.php?rest_route=\/wp\/v2\/pages\/72\/revisions\/387"}],"wp:attachment":[{"href":"https:\/\/kultrast.de\/index.php?rest_route=%2Fwp%2Fv2%2Fmedia&parent=72"}],"curies":[{"name":"wp","href":"https:\/\/api.w.org\/{rel}","templated":true}]}}