{"id":70,"date":"2021-03-15T12:02:32","date_gmt":"2021-03-15T12:02:32","guid":{"rendered":"https:\/\/kultrast.de\/?page_id=70"},"modified":"2021-03-15T17:19:40","modified_gmt":"2021-03-15T17:19:40","slug":"impressum","status":"publish","type":"page","link":"https:\/\/kultrast.de\/?page_id=70","title":{"rendered":"Impressum"},"content":{"rendered":"\n<p><strong>Der Kultrast e.V.<\/strong><br>Am Engelberg 8<br>88239 Wangen<br>vorstand@kultrast.de<br><br><strong>Registereintrag:<\/strong><br>Eingetragen im Vereinsregister<br>Registergericht: Amtsgericht Ulm<br>Registernummer: VR 620386<br><\/p>\n\n\n\n<p><strong>Vertreten durch:<br><\/strong>Franz Osterkorn (1.Vorsitzender)<br><\/p>\n\n\n\n<p><strong>Verantwortlich f\u00fcr den Inhalt (gem. \u00a7 55 Abs. 2 RStV):<\/strong><br>Markus K\u00f6nig<br>Schie\u00dfstattweg 6<br>88239 Wangen<\/p>\n\n\n\n<p>Unsere <strong>Datenschutzerkl\u00e4rung <\/strong>k\u00f6nnen Sie<strong> <\/strong>als pdf einsehen oder herunterladen.<\/p>\n\n\n\n<div class=\"wp-block-file\"><a href=\"https:\/\/kultrast.de\/wp-content\/uploads\/2021\/03\/20200000-Datenschutzerklaerung.pdf\">Datenschutzerklaerung<\/a><a href=\"https:\/\/kultrast.de\/wp-content\/uploads\/2021\/03\/20200000-Datenschutzerklaerung.pdf\" class=\"wp-block-file__button\" download>Herunterladen<\/a><\/div>\n\n\n\n<p><strong>Disclaimer &#8211; rechtliche Hinweise<\/strong><br>Auskunfts- und Widerrufsrecht<br>Sie haben jederzeit das Recht, sich unentgeltlich und unverz\u00fcglich \u00fcber die zu Ihrer Person erhobenen Daten zu erkundigen. Ebenfalls k\u00f6nnen Sie Ihre Zustimmung zur Verwendung Ihrer angegebenen pers\u00f6nlichen Daten mit Wirkung f\u00fcr die Zukunft widerrufen. Hierf\u00fcr wenden Sie sich bitte an den im Impressum angegebenen Diensteanbieter.<\/p>\n\n\n\n<p><strong>Disclaimer (Haftungsausschluss)<\/strong><br>1. Haftung f\u00fcr Inhalte<br>Als Diensteanbieter sind wir gem\u00e4\u00df \u00a7 7 Abs. 1 TMG f\u00fcr eigene Inhalte auf diesen Seiten nach den allgemeinen Gesetzen verantwortlich. Nach \u00a7\u00a7 8 bis 10 TMG sind wir als Diensteanbieter jedoch nicht verpflichtet, \u00fcbermittelte oder gespeicherte fremde Informationen zu \u00fcberwachen oder nach Umst\u00e4nden zu forschen, die auf eine rechtswidrige T\u00e4tigkeit hinweisen. Verpflichtungen zur Entfernung oder Sperrung der Nutzung von Informationen nach den allgemeinen Gesetzen bleiben hiervon unber\u00fchrt. Eine diesbez\u00fcgliche Haftung ist jedoch erst ab dem Zeitpunkt der Kenntnis einer konkreten Rechtsverletzung m\u00f6glich. Bei Bekanntwerden von entsprechenden Rechtsverletzungen werden wir diese Inhalte umgehend entfernen.<br>2. Haftung f\u00fcr Links<br>Diese Website enth\u00e4lt Links zu externen Webseiten Dritter, auf deren Inhalte kein Einfluss genommen werden kann. Deshalb kann f\u00fcr diese fremden Inhalte auch keine Gew\u00e4hr \u00fcbernommen werden. F\u00fcr die Inhalte der verlinkten Seiten ist stets der jeweilige Anbieter oder Betreiber der Seiten verantwortlich. Die verlinkten Seiten wurden zum Zeitpunkt der Verlinkung auf m\u00f6gliche Rechtsverst\u00f6\u00dfe \u00fcberpr\u00fcft. Rechtswidrige Inhalte waren zum Zeitpunkt der Verlinkung nicht erkennbar. Eine permanente inhaltliche Kontrolle der verlinkten Seiten ist jedoch ohne konkrete Anhaltspunkte einer Rechtsverletzung nicht zumutbar. Bei Bekanntwerden von Rechtsverletzungen werden derartige Links umgehend von dieser Website auf die rechtsverletzende Site entfernen.<br>3. Urheberrecht<br>Die durch die Diensteanbieter, deren Mitarbeiter und beauftragte Dritte erstellten Inhalte und Werke auf diesen Seiten unterliegen dem deutschen Urheberrecht. Die Vervielf\u00e4ltigung, Bearbeitung, Verbreitung und jede Art der Verwertung au\u00dferhalb der Grenzen des Urheberrechtes bed\u00fcrfen der vorherigen schriftlichen Zustimmung des jeweiligen Autors bzw. Erstellers. Downloads und Kopien dieser Seite sind nur f\u00fcr den privaten, nicht kommerziellen Gebrauch gestattet. Soweit die Inhalte auf dieser Seite nicht vom Betreiber erstellt wurden, werden die Urheberrechte Dritter beachtet. Insbesondere werden Inhalte Dritter als solche gekennzeichnet. Sollten Sie trotzdem auf eine Urheberrechtsverletzung aufmerksam werden, bitten wir um einen entsprechenden Hinweis. Bei Bekanntwerden von Rechtsverletzungen werden derartige Inhalte umgehend entfernen.<br><br>Dieses Impressum wurde mit Hilfe des Impressum-Generators von HENSCHE Rechtsanw\u00e4lte erstellt.<\/p>\n","protected":false},"excerpt":{"rendered":"<p>Der Kultrast e.V.Am Engelberg 888239 Wangenvorstand@kultrast.de Registereintrag:Eingetragen im VereinsregisterRegistergericht: Amtsgericht UlmRegisternummer: VR 620386 Vertreten durch:Franz Osterkorn (1.Vorsitzender) Verantwortlich f\u00fcr den Inhalt (gem. \u00a7 55 Abs. 2 RStV):Markus K\u00f6nigSchie\u00dfstattweg 688239 Wangen [&hellip;]<\/p>\n","protected":false},"author":1,"featured_media":0,"parent":0,"menu_order":0,"comment_status":"closed","ping_status":"closed","template":"","meta":{"footnotes":""},"_links":{"self":[{"href":"https:\/\/kultrast.de\/index.php?rest_route=\/wp\/v2\/pages\/70"}],"collection":[{"href":"https:\/\/kultrast.de\/index.php?rest_route=\/wp\/v2\/pages"}],"about":[{"href":"https:\/\/kultrast.de\/index.php?rest_route=\/wp\/v2\/types\/page"}],"author":[{"embeddable":true,"href":"https:\/\/kultrast.de\/index.php?rest_route=\/wp\/v2\/users\/1"}],"replies":[{"embeddable":true,"href":"https:\/\/kultrast.de\/index.php?rest_route=%2Fwp%2Fv2%2Fcomments&post=70"}],"version-history":[{"count":4,"href":"https:\/\/kultrast.de\/index.php?rest_route=\/wp\/v2\/pages\/70\/revisions"}],"predecessor-version":[{"id":220,"href":"https:\/\/kultrast.de\/index.php?rest_route=\/wp\/v2\/pages\/70\/revisions\/220"}],"wp:attachment":[{"href":"https:\/\/kultrast.de\/index.php?rest_route=%2Fwp%2Fv2%2Fmedia&parent=70"}],"curies":[{"name":"wp","href":"https:\/\/api.w.org\/{rel}","templated":true}]}}