{"id":4,"date":"2020-10-06T15:19:02","date_gmt":"2020-10-06T15:19:02","guid":{"rendered":"https:\/\/kultrast.de\/?page_id=4"},"modified":"2026-03-06T06:40:29","modified_gmt":"2026-03-06T06:40:29","slug":"willkommen-auf-https-kultrast-de","status":"publish","type":"page","link":"https:\/\/kultrast.de\/","title":{"rendered":"Willkommen beim Kultrast"},"content":{"rendered":"\n<p><img loading=\"lazy\" decoding=\"async\" width=\"198\" height=\"191\" class=\"wp-image-7\" style=\"width: 150px;\" src=\"https:\/\/kultrast.de\/wp-content\/uploads\/2020\/10\/Kultrast-Logo.jpg\" alt=\"\"><\/p>\n\n\n\n<h2 class=\"wp-block-heading has-text-align-center\">NEWS<\/h2>\n\n\n\n<div class=\"wp-block-media-text is-stacked-on-mobile\" style=\"grid-template-columns:19% auto\"><figure class=\"wp-block-media-text__media\"><img loading=\"lazy\" decoding=\"async\" width=\"784\" height=\"479\" src=\"https:\/\/kultrast.de\/wp-content\/uploads\/2025\/03\/05josef-hader-hader-on-ice-AHVWHJ3W.webp\" alt=\"\" class=\"wp-image-478 size-full\" srcset=\"https:\/\/kultrast.de\/wp-content\/uploads\/2025\/03\/05josef-hader-hader-on-ice-AHVWHJ3W.webp 784w, https:\/\/kultrast.de\/wp-content\/uploads\/2025\/03\/05josef-hader-hader-on-ice-AHVWHJ3W-300x183.webp 300w, https:\/\/kultrast.de\/wp-content\/uploads\/2025\/03\/05josef-hader-hader-on-ice-AHVWHJ3W-768x469.webp 768w\" sizes=\"(max-width: 784px) 100vw, 784px\" \/><\/figure><div class=\"wp-block-media-text__content\">\n<pre class=\"wp-block-code\"><code>Do., 26. M\u00e4rz 2026<\/code><\/pre>\n\n\n\n<p><strong>Josef Hader<\/strong><br>HADER ON ICE<\/p>\n\n\n\n<p>20:00 Uhr &#8211; 22:00 Uhr (Einlass 19:00 Uhr)<br>Waldorfschule  <br>Rudolf-Steinerstrasse 4<br>88239 Wangen im Allg\u00e4u <\/p>\n\n\n\n<p>\u201eImmer is irgendwas. Entweder die F\u00fc\u00dfe schlafen mir ein. Oder sie jucken. Dann krieg ich wieder keine Luft, wenn ich schneller geh. Oder ich hab einen Schwei\u00dfausbruch. Dann friert mich wieder. Das Essen schmeckt mir nimmer, der Sex ist fad, die Hosen sind zu eng. Was is das bitte? &#8211; Des muss alles dieser Klimawandel sein, oder? Temperaturen hat\u2019s im Sommer wie in den Tropen! Dadurch gibt\u2019s auf einmal diese riesigen Insekten! Die hat\u2019s doch fr\u00fcher net geb\u2019n! Wenn die dich stechen, kriegst\u2019 eine Schwellung, die geht monatelang net weg! Wahrscheinlich sind die alle gentechnisch ver\u00e4ndert. Und die Pflanzen! Die werd\u2019n jetzt auch schon deppert. Die spinnen, die Pflanzen! Die wachsen jetzt alles zu! Seit ich nimmer aus dem Haus geh. Meine Theorie ist, die Pflanzen wollen die Herrschaft \u00fcber den Planeten zur\u00fcck. Die sind alle miteinander unterirdisch verbunden \u00fcber ihre Wurzeln. Weltweit! Die Pflanzen habn einen geheimen Plan. Sie wollen die totale Zerst\u00f6rung der abendl\u00e4ndischen Kultur und des \u00f6sterreichischen Volks-Rock\u2019n&#8216; Roll. Das soll alles ersetzt werden durch \u00e4h, Photosynthese.\u201c<\/p>\n\n\n\n<p><strong>KARTENVORVERKAUF<\/strong><br>tabakstube-wangen@t-online.de<\/p>\n\n\n\n<figure class=\"wp-block-image size-large\"><img loading=\"lazy\" decoding=\"async\" width=\"1024\" height=\"683\" src=\"https:\/\/kultrast.de\/wp-content\/uploads\/2026\/03\/Letzte-Tickets-1024x683.png\" alt=\"\" class=\"wp-image-527\" srcset=\"https:\/\/kultrast.de\/wp-content\/uploads\/2026\/03\/Letzte-Tickets-1024x683.png 1024w, https:\/\/kultrast.de\/wp-content\/uploads\/2026\/03\/Letzte-Tickets-300x200.png 300w, https:\/\/kultrast.de\/wp-content\/uploads\/2026\/03\/Letzte-Tickets-768x512.png 768w, https:\/\/kultrast.de\/wp-content\/uploads\/2026\/03\/Letzte-Tickets.png 1536w\" sizes=\"(max-width: 1024px) 100vw, 1024px\" \/><\/figure>\n<\/div><\/div>\n\n\n\n<p><\/p>\n\n\n\n<figure class=\"wp-block-gallery has-nested-images columns-default is-cropped\"><\/figure>\n\n\n\n<ul class=\"wp-block-social-links aligncenter is-layout-flex wp-block-social-links-is-layout-flex\"><li class=\"wp-social-link wp-social-link-instagram  wp-block-social-link\"><a href=\"https:\/\/www.instagram.com\/der_kultrast_ev\/\" class=\"wp-block-social-link-anchor\"><svg width=\"24\" height=\"24\" viewBox=\"0 0 24 24\" version=\"1.1\" xmlns=\"http:\/\/www.w3.org\/2000\/svg\" aria-hidden=\"true\" focusable=\"false\"><path d=\"M12,4.622c2.403,0,2.688,0.009,3.637,0.052c0.877,0.04,1.354,0.187,1.671,0.31c0.42,0.163,0.72,0.358,1.035,0.673 c0.315,0.315,0.51,0.615,0.673,1.035c0.123,0.317,0.27,0.794,0.31,1.671c0.043,0.949,0.052,1.234,0.052,3.637 s-0.009,2.688-0.052,3.637c-0.04,0.877-0.187,1.354-0.31,1.671c-0.163,0.42-0.358,0.72-0.673,1.035 c-0.315,0.315-0.615,0.51-1.035,0.673c-0.317,0.123-0.794,0.27-1.671,0.31c-0.949,0.043-1.233,0.052-3.637,0.052 s-2.688-0.009-3.637-0.052c-0.877-0.04-1.354-0.187-1.671-0.31c-0.42-0.163-0.72-0.358-1.035-0.673 c-0.315-0.315-0.51-0.615-0.673-1.035c-0.123-0.317-0.27-0.794-0.31-1.671C4.631,14.688,4.622,14.403,4.622,12 s0.009-2.688,0.052-3.637c0.04-0.877,0.187-1.354,0.31-1.671c0.163-0.42,0.358-0.72,0.673-1.035 c0.315-0.315,0.615-0.51,1.035-0.673c0.317-0.123,0.794-0.27,1.671-0.31C9.312,4.631,9.597,4.622,12,4.622 M12,3 C9.556,3,9.249,3.01,8.289,3.054C7.331,3.098,6.677,3.25,6.105,3.472C5.513,3.702,5.011,4.01,4.511,4.511 c-0.5,0.5-0.808,1.002-1.038,1.594C3.25,6.677,3.098,7.331,3.054,8.289C3.01,9.249,3,9.556,3,12c0,2.444,0.01,2.751,0.054,3.711 c0.044,0.958,0.196,1.612,0.418,2.185c0.23,0.592,0.538,1.094,1.038,1.594c0.5,0.5,1.002,0.808,1.594,1.038 c0.572,0.222,1.227,0.375,2.185,0.418C9.249,20.99,9.556,21,12,21s2.751-0.01,3.711-0.054c0.958-0.044,1.612-0.196,2.185-0.418 c0.592-0.23,1.094-0.538,1.594-1.038c0.5-0.5,0.808-1.002,1.038-1.594c0.222-0.572,0.375-1.227,0.418-2.185 C20.99,14.751,21,14.444,21,12s-0.01-2.751-0.054-3.711c-0.044-0.958-0.196-1.612-0.418-2.185c-0.23-0.592-0.538-1.094-1.038-1.594 c-0.5-0.5-1.002-0.808-1.594-1.038c-0.572-0.222-1.227-0.375-2.185-0.418C14.751,3.01,14.444,3,12,3L12,3z M12,7.378 c-2.552,0-4.622,2.069-4.622,4.622S9.448,16.622,12,16.622s4.622-2.069,4.622-4.622S14.552,7.378,12,7.378z M12,15 c-1.657,0-3-1.343-3-3s1.343-3,3-3s3,1.343,3,3S13.657,15,12,15z M16.804,6.116c-0.596,0-1.08,0.484-1.08,1.08 s0.484,1.08,1.08,1.08c0.596,0,1.08-0.484,1.08-1.08S17.401,6.116,16.804,6.116z\"><\/path><\/svg><span class=\"wp-block-social-link-label screen-reader-text\">Instagram<\/span><\/a><\/li><\/ul>\n\n\n\n<p><\/p>\n\n\n\n<ul class=\"wp-block-social-links aligncenter is-layout-flex wp-block-social-links-is-layout-flex\"><li class=\"wp-social-link wp-social-link-facebook  wp-block-social-link\"><a href=\"https:\/\/www.facebook.com\/Kultrast\/\" class=\"wp-block-social-link-anchor\"><svg width=\"24\" height=\"24\" viewBox=\"0 0 24 24\" version=\"1.1\" xmlns=\"http:\/\/www.w3.org\/2000\/svg\" aria-hidden=\"true\" focusable=\"false\"><path d=\"M12 2C6.5 2 2 6.5 2 12c0 5 3.7 9.1 8.4 9.9v-7H7.9V12h2.5V9.8c0-2.5 1.5-3.9 3.8-3.9 1.1 0 2.2.2 2.2.2v2.5h-1.3c-1.2 0-1.6.8-1.6 1.6V12h2.8l-.4 2.9h-2.3v7C18.3 21.1 22 17 22 12c0-5.5-4.5-10-10-10z\"><\/path><\/svg><span class=\"wp-block-social-link-label screen-reader-text\">Facebook<\/span><\/a><\/li><\/ul>\n","protected":false},"excerpt":{"rendered":"<p>NEWS<\/p>\n","protected":false},"author":1,"featured_media":0,"parent":0,"menu_order":0,"comment_status":"closed","ping_status":"open","template":"","meta":{"footnotes":""},"_links":{"self":[{"href":"https:\/\/kultrast.de\/index.php?rest_route=\/wp\/v2\/pages\/4"}],"collection":[{"href":"https:\/\/kultrast.de\/index.php?rest_route=\/wp\/v2\/pages"}],"about":[{"href":"https:\/\/kultrast.de\/index.php?rest_route=\/wp\/v2\/types\/page"}],"author":[{"embeddable":true,"href":"https:\/\/kultrast.de\/index.php?rest_route=\/wp\/v2\/users\/1"}],"replies":[{"embeddable":true,"href":"https:\/\/kultrast.de\/index.php?rest_route=%2Fwp%2Fv2%2Fcomments&post=4"}],"version-history":[{"count":46,"href":"https:\/\/kultrast.de\/index.php?rest_route=\/wp\/v2\/pages\/4\/revisions"}],"predecessor-version":[{"id":529,"href":"https:\/\/kultrast.de\/index.php?rest_route=\/wp\/v2\/pages\/4\/revisions\/529"}],"wp:attachment":[{"href":"https:\/\/kultrast.de\/index.php?rest_route=%2Fwp%2Fv2%2Fmedia&parent=4"}],"curies":[{"name":"wp","href":"https:\/\/api.w.org\/{rel}","templated":true}]}}